{"id":294,"date":"2020-05-21T05:51:08","date_gmt":"2020-05-21T05:51:08","guid":{"rendered":"https:\/\/astiko.eus\/?page_id=294"},"modified":"2021-11-15T09:48:34","modified_gmt":"2021-11-15T09:48:34","slug":"lege-oharra","status":"publish","type":"page","link":"https:\/\/astiko.eus\/eu\/lege-oharra\/","title":{"rendered":"Lege oharra"},"content":{"rendered":"<section class=\"l-section wpb_row us_custom_7a573922 height_medium with_img\"><div class=\"l-section-img\" role=\"img\" aria-label=\"Irudia\" data-img-width=\"1420\" data-img-height=\"500\" style=\"background-image: url(https:\/\/astiko.eus\/wp-content\/uploads\/2021\/10\/02-astiko.jpg);\"><\/div><div class=\"l-section-h i-cf\"><div class=\"g-cols vc_row via_flex valign_top type_default stacking_default\"><div class=\"vc_col-sm-12 wpb_column vc_column_container\"><div class=\"vc_column-inner\"><div class=\"wpb_wrapper\"><\/div><\/div><\/div><\/div><\/div><\/section><section class=\"l-section wpb_row height_small\"><div class=\"l-section-h i-cf\"><div class=\"g-cols vc_row via_flex valign_top type_default stacking_default\"><div class=\"vc_col-sm-12 wpb_column vc_column_container\"><div class=\"vc_column-inner\"><div class=\"wpb_wrapper\"><div class=\"g-cols wpb_row us_custom_2890de20 via_flex valign_top type_default stacking_default\"><div class=\"vc_col-sm-12 wpb_column vc_column_container\"><div class=\"vc_column-inner\"><div class=\"wpb_wrapper\"><nav class=\"g-breadcrumbs us_custom_0a5fe326 separator_icon align_none\" itemscope itemtype=\"http:\/\/schema.org\/BreadcrumbList\"><div class=\"g-breadcrumbs-item\" itemscope itemprop=\"itemListElement\" itemtype=\"http:\/\/schema.org\/ListItem\"><a itemprop=\"item\" href=\"https:\/\/astiko.eus\/eu\/\"><span itemprop=\"name\">Hasiera<\/span><\/a><meta itemprop=\"position\" content=\"1\"\/><\/div><div class=\"g-breadcrumbs-separator\"><i class=\"far fa-angle-right\"><\/i><\/div><div class=\"g-breadcrumbs-item\">Orrialdeak<\/div><\/nav><\/div><\/div><\/div><\/div><\/div><\/div><\/div><\/div><\/div><\/section><section class=\"l-section wpb_row height_medium\"><div class=\"l-section-h i-cf\"><div class=\"g-cols vc_row via_flex valign_top type_default stacking_default\"><div class=\"vc_col-sm-12 wpb_column vc_column_container\"><div class=\"vc_column-inner\"><div class=\"wpb_wrapper\"><h2 class=\"w-post-elm post_title align_center entry-title color_link_inherit\">Lege oharra<\/h2><div class=\"wpb_text_column\"><div class=\"wpb_wrapper\"><h3 align=\"justify\">INTRODUCCI\u00d3N<\/h3>\n<p align=\"justify\">En cumplimiento de la Ley 34\/2002, de 11 de julio, de Servicios de la Sociedad de la Informaci\u00f3n y de Comercio<br \/>\nElectr\u00f3nico (LSSI-CE), ASTIGARRAGAKO ASTIKO ELKARTEA informa que es titular del sitio web. De acuerdo<br \/>\ncon la exigencia del art\u00edculo 10 de la citada Ley, ASTIGARRAGAKO ASTIKO ELKARTEA informa de los<br \/>\nsiguientes datos:<\/p>\n<table rules=\"all\">\n<tbody>\n<tr>\n<td>RAZ\u00d3N SOCIAL<\/td>\n<td>ASTIGARRAGAKO ASTIKO ELKARTEA<\/td>\n<\/tr>\n<tr>\n<td>NIF<\/td>\n<td>G20979985<\/td>\n<\/tr>\n<tr>\n<td>DIRECCI\u00d3N POSTAL<\/td>\n<td>KALE NAGUSIA NUMERO 5 BEHEA 20115, ASTIGARRAGA (GUIP\u00daZCOA)<\/td>\n<\/tr>\n<tr>\n<td>DIRECCI\u00d3N ELECTR\u00d3NICA<\/td>\n<td>astikoelkartea@gmail.com<\/td>\n<\/tr>\n<tr>\n<td>TEL\u00c9FONOS<\/td>\n<td>943310034<\/td>\n<\/tr>\n<\/tbody>\n<\/table>\n<h3 align=\"justify\">USUARIO Y R\u00c9GIMEN DE RESPONSABILIDADES<\/h3>\n<p align=\"justify\">La navegaci\u00f3n, acceso y uso por el sitio web de ASTIGARRAGAKO ASTIKO ELKARTEA confiere la condici\u00f3n<br \/>\nde usuario, por la que se aceptan, desde la navegaci\u00f3n por el sitio web de ASTIGARRAGAKO ASTIKO<br \/>\nELKARTEA, todas las condiciones de uso aqu\u00ed establecidas sin perjuicio de la aplicaci\u00f3n de la correspondiente<br \/>\nnormativa de obligado cumplimiento legal seg\u00fan el caso.<\/p>\n<p align=\"justify\">El sitio web de ASTIGARRAGAKO ASTIKO ELKARTEA proporciona gran diversidad de informaci\u00f3n, servicios y<br \/>\ndatos. El usuario asume su responsabilidad en el uso correcto del sitio web. Esta responsabilidad se extender\u00e1 a:<\/p>\n<ul>\n<li style=\"list-style-type: none;\">\n<ul>\n<li>La veracidad y licitud de las informaciones aportadas por el usuario en los formularios extendidos por<br \/>\nASTIGARRAGAKO ASTIKO ELKARTEA para el acceso a ciertos contenidos o servicios ofrecidos por el<br \/>\nweb.<\/li>\n<li>El uso de la informaci\u00f3n, servicios y datos ofrecidos por ASTIGARRAGAKO ASTIKO ELKARTEA<br \/>\ncontrariamente a lo dispuesto por las presentes condiciones, la Ley, la moral, las buenas costumbres o<br \/>\nel orden p\u00fablico, o que de cualquier otro modo puedan suponer lesi\u00f3n de los derechos de terceros o del<br \/>\nmismo funcionamiento del sitio web.<\/li>\n<\/ul>\n<\/li>\n<\/ul>\n<h3>POL\u00cdTICA DE ENLACES Y EXENCIONES DE RESPONSABILIDAD<\/h3>\n<p>ASTIGARRAGAKO ASTIKO ELKARTEA no se hace responsable del contenido de los sitios web a los que el<br \/>\nusuario pueda acceder a trav\u00e9s de los enlaces establecidos en su sitio web y declara que en ning\u00fan caso<br \/>\nproceder\u00e1 a examinar o ejercitar ning\u00fan tipo de control sobre el contenido de otros sitios de la red. Asimismo,<br \/>\ntampoco garantizar\u00e1 la disponibilidad t\u00e9cnica, exactitud, veracidad, validez o legalidad de sitios ajenos a su<br \/>\npropiedad a los que se pueda acceder por medio de los enlaces.<\/p>\n<p>ASTIGARRAGAKO ASTIKO ELKARTEA declara haber adoptado todas las medidas necesarias para evitar<br \/>\ncualquier da\u00f1o a los usuarios de su sitio web, que pudieran derivarse de la navegaci\u00f3n por su sitio web. En<br \/>\nconsecuencia, ASTIGARRAGAKO ASTIKO ELKARTEA no se hace responsable, en ning\u00fan caso, de los<br \/>\neventuales da\u00f1os que por la navegaci\u00f3n por Internet pudiera sufrir el usuario.<\/p>\n<h3>MODIFICACIONES<\/h3>\n<p>ASTIGARRAGAKO ASTIKO ELKARTEA se reserva el derecho a realizar las modificaciones que considere<br \/>\noportunas, sin aviso previo, en el contenido de su sitio web. Tanto en lo referente a los contenidos del sitio web,<br \/>\ncomo en las condiciones de uso del mismo, o en las condiciones generales de contrataci\u00f3n. Dichas<br \/>\nmodificaciones podr\u00e1n realizarse a trav\u00e9s de su sitio web por cualquier forma admisible en derecho y ser\u00e1n de<br \/>\nobligado cumplimiento durante el tiempo en que se encuentren publicadas en el web y hasta que no sean<br \/>\nmodificadas v\u00e1lidamente por otras posteriores.<\/p>\n<h3>PROPIEDAD INTELECTUAL E INDUSTRIAL<\/h3>\n<p>ASTIGARRAGAKO ASTIKO ELKARTEA por s\u00ed misma o como cesionaria, es titular de todos los derechos de<br \/>\npropiedad intelectual e industrial de su p\u00e1gina web, as\u00ed como de los elementos contenidos en la misma (a t\u00edtulo<br \/>\nenunciativo, im\u00e1genes, sonido, audio, v\u00eddeo, software o textos; marcas o logotipos, combinaciones de colores,<br \/>\nestructura y dise\u00f1o, selecci\u00f3n de materiales usados, programas de ordenador necesarios para su<br \/>\nfuncionamiento, acceso y uso, etc.), titularidad de ASTIGARRAGAKO ASTIKO ELKARTEA. Ser\u00e1n, por<br \/>\nconsiguiente, obras protegidas como propiedad intelectual por el ordenamiento jur\u00eddico espa\u00f1ol, si\u00e9ndoles<br \/>\naplicables tanto la normativa espa\u00f1ola y comunitaria en este campo, como los tratados internacionales relativos a<br \/>\nla materia y suscritos por Espa\u00f1a.<\/p>\n<p>Todos los derechos reservados. En virtud de lo dispuesto en la Ley de Propiedad Intelectual, quedan<br \/>\nexpresamente prohibidas la reproducci\u00f3n, la distribuci\u00f3n y la comunicaci\u00f3n p\u00fablica, incluida su modalidad de<br \/>\npuesta a disposici\u00f3n, de la totalidad o parte de los contenidos de esta p\u00e1gina web, con fines comerciales, en<br \/>\ncualquier soporte y por cualquier medio t\u00e9cnico, sin la autorizaci\u00f3n de ASTIGARRAGAKO ASTIKO ELKARTEA.<\/p>\n<p>El usuario se compromete a respetar los derechos de Propiedad Intelectual e Industrial titularidad de<br \/>\nASTIGARRAGAKO ASTIKO ELKARTEA. Podr\u00e1 visualizar los elementos del portal e incluso imprimirlos,<br \/>\ncopiarlos y almacenarlos en el disco duro de su ordenador o en cualquier otro soporte f\u00edsico siempre y cuando<br \/>\nsea, \u00fanica y exclusivamente, para su uso personal y privado. El usuario deber\u00e1 abstenerse de suprimir, alterar,<br \/>\neludir o manipular cualquier dispositivo de protecci\u00f3n o sistema de seguridad que estuviera instalado en las<br \/>\np\u00e1ginas de ASTIGARRAGAKO ASTIKO ELKARTEA.<\/p>\n<h3>CERTIFICADO SSL (SECURE SOCKETS LAYER)<\/h3>\n<p>El CERTIFICADO SSL proporciona autenticaci\u00f3n, privacidad y seguridad de la informaci\u00f3n entre<br \/>\nASTIGARRAGAKO ASTIKO ELKARTEA y el usuario.<\/p>\n<p>ASTIGARRAGAKO ASTIKO ELKARTEA dispone de un certificado de seguridad que se utiliza por<br \/>\nCERTIFICADO SSL para realizar conexiones seguras.<\/p>\n<p>En este proceso se establecen varios par\u00e1metros para realizar la conexi\u00f3n de forma segura y se establece<br \/>\nusando llaves preestablecidas, codificando y descodificando todos los datos enviados hasta que la conexi\u00f3n sea<br \/>\ncerrada.<\/p>\n<h3>ACCIONES LEGALES, LEGISLACI\u00d3N APLICABLE Y JURISDICCI\u00d3N<\/h3>\n<p>ASTIGARRAGAKO ASTIKO ELKARTEA se reserva, asimismo, la facultad de presentar las acciones civiles o<br \/>\npenales que considere oportunas por la utilizaci\u00f3n indebida de su sitio web y contenidos, o por el incumplimiento<br \/>\nde las presentes condiciones.<\/p>\n<p>La relaci\u00f3n entre el usuario y el prestador se regir\u00e1 por la normativa vigente y de aplicaci\u00f3n en el territorio<br \/>\nespa\u00f1ol. De surgir cualquier controversia las partes podr\u00e1n someter sus conflictos a arbitraje o acudir a la<br \/>\njurisdicci\u00f3n ordinaria cumpliendo con las normas sobre jurisdicci\u00f3n y competencia al respecto.<br \/>\nASTIGARRAGAKO ASTIKO ELKARTEA tiene su domicilio en GUIP\u00daZCOA, Espa\u00f1a.<\/p>\n<p>Los contratos celebrados por v\u00eda electr\u00f3nica en los que intervenga como parte un consumidor se presumir\u00e1n<br \/>\ncelebrados en el lugar en que \u00e9ste tenga su residencia habitual.<\/p>\n<p>Los contratos electr\u00f3nicos entre empresarios o profesionales, en defecto de pacto entre las partes, se<br \/>\npresumir\u00e1n celebrados en el lugar en que est\u00e9 establecido el prestador de servicios.<\/p>\n<p>&nbsp;<\/p>\n<hr \/>\n<p>&nbsp;<\/p>\n<p><strong><u>\u00daLTIMA ACTUALIZACI\u00d3N:<\/u> 21 de octubre de 2021<\/strong><\/p>\n<\/div><\/div><\/div><\/div><\/div><\/div><\/div><\/section>\n","protected":false},"excerpt":{"rendered":"HasieraOrrialdeakLege oharraINTRODUCCI\u00d3N En cumplimiento de la Ley 34\/2002, de 11 de julio, de Servicios de la Sociedad de la Informaci\u00f3n y de Comercio Electr\u00f3nico (LSSI-CE), ASTIGARRAGAKO ASTIKO ELKARTEA informa que es titular del sitio web. De acuerdo con la exigencia del art\u00edculo 10 de la citada Ley, ASTIGARRAGAKO ASTIKO ELKARTEA informa de los siguientes datos:...","protected":false},"author":1,"featured_media":0,"parent":0,"menu_order":0,"comment_status":"closed","ping_status":"closed","template":"","meta":{"_acf_changed":false,"footnotes":""},"class_list":["post-294","page","type-page","status-publish","hentry"],"acf":[],"_links":{"self":[{"href":"https:\/\/astiko.eus\/eu\/wp-json\/wp\/v2\/pages\/294","targetHints":{"allow":["GET"]}}],"collection":[{"href":"https:\/\/astiko.eus\/eu\/wp-json\/wp\/v2\/pages"}],"about":[{"href":"https:\/\/astiko.eus\/eu\/wp-json\/wp\/v2\/types\/page"}],"author":[{"embeddable":true,"href":"https:\/\/astiko.eus\/eu\/wp-json\/wp\/v2\/users\/1"}],"replies":[{"embeddable":true,"href":"https:\/\/astiko.eus\/eu\/wp-json\/wp\/v2\/comments?post=294"}],"version-history":[{"count":13,"href":"https:\/\/astiko.eus\/eu\/wp-json\/wp\/v2\/pages\/294\/revisions"}],"predecessor-version":[{"id":13397,"href":"https:\/\/astiko.eus\/eu\/wp-json\/wp\/v2\/pages\/294\/revisions\/13397"}],"wp:attachment":[{"href":"https:\/\/astiko.eus\/eu\/wp-json\/wp\/v2\/media?parent=294"}],"curies":[{"name":"wp","href":"https:\/\/api.w.org\/{rel}","templated":true}]}}